{"id":11023,"date":"2024-12-19T08:20:07","date_gmt":"2024-12-19T08:20:07","guid":{"rendered":"https:\/\/gcdev3.com\/neptunelaundry\/?page_id=11023"},"modified":"2026-03-19T16:48:28","modified_gmt":"2026-03-19T16:48:28","slug":"termos-de-uso","status":"publish","type":"page","link":"https:\/\/www.neptunelaundry.com\/pt\/terms-of-use\/","title":{"rendered":"Termos de uso"},"content":{"rendered":"<h1>Termos de uso<\/h1>\n<p>Bem-vindo \u00e0 Neptune Laundromat! Estes termos de uso (\u201cTermos\u201d) aplicam-se ao seu uso do nosso site, aplicativos m\u00f3veis e quaisquer outros servi\u00e7os que fornecemos (coletivamente, os \u201cServi\u00e7os\u201d). Ao usar nossos Servi\u00e7os, voc\u00ea concorda com estes Termos. Se voc\u00ea n\u00e3o concordar com estes Termos, n\u00e3o use nossos Servi\u00e7os.<\/p>\n<p><b>Uso de servi\u00e7os<\/b><\/p>\n<p>Voc\u00ea pode usar nossos Servi\u00e7os para seu uso pessoal e n\u00e3o comercial. Voc\u00ea n\u00e3o poder\u00e1 usar nossos Servi\u00e7os para fins ilegais ou n\u00e3o autorizados, ou de qualquer forma que viole estes Termos. Voc\u00ea n\u00e3o poder\u00e1 usar nenhum meio automatizado para acessar nossos Servi\u00e7os, interferir ou interromper nossos Servi\u00e7os ou servidores.<\/p>\n<p><b>Contas de usu\u00e1rio<\/b><\/p>\n<p>Para usar determinados recursos dos nossos Servi\u00e7os, talvez seja necess\u00e1rio criar uma conta de usu\u00e1rio. O usu\u00e1rio \u00e9 respons\u00e1vel por manter a confidencialidade das informa\u00e7\u00f5es de sua conta e por todas as atividades que ocorram em sua conta. N\u00e3o \u00e9 permitido compartilhar as informa\u00e7\u00f5es da sua conta com terceiros. Reservamo-nos o direito de suspender ou encerrar sua conta se suspeitarmos de qualquer uso n\u00e3o autorizado da mesma.<\/p>\n<p><b>Propriedade intelectual<\/b><\/p>\n<p>Nossos Servi\u00e7os e todo o conte\u00fado e materiais neles contidos, incluindo, entre outros, textos, gr\u00e1ficos, logotipos, imagens e software, s\u00e3o de propriedade ou licenciados pela Neptune Laundromat e est\u00e3o protegidos por direitos autorais, marcas registradas e outras leis de propriedade intelectual. O usu\u00e1rio n\u00e3o poder\u00e1 reproduzir, distribuir ou modificar qualquer conte\u00fado ou material dos nossos Servi\u00e7os sem o nosso consentimento pr\u00e9vio por escrito.<\/p>\n<p><b>Limita\u00e7\u00e3o de responsabilidade<\/b><\/p>\n<p>Nossos Servi\u00e7os s\u00e3o fornecidos \u201cno estado em que se encontram\u201d e \u201cconforme dispon\u00edveis\u201d. N\u00e3o oferecemos garantias ou representa\u00e7\u00f5es de qualquer tipo, expressas ou impl\u00edcitas, com rela\u00e7\u00e3o ao uso ou aos resultados dos nossos Servi\u00e7os em termos de precis\u00e3o, confiabilidade, integridade ou adequa\u00e7\u00e3o a qualquer finalidade. Na medida m\u00e1xima permitida por lei, a Neptune Laundromat n\u00e3o ser\u00e1 respons\u00e1vel por quaisquer danos diretos, indiretos, incidentais, especiais ou consequenciais decorrentes do uso ou da incapacidade de usar nossos Servi\u00e7os, mesmo que tenhamos sido avisados da possibilidade de tais danos.<\/p>\n<p><b>Legisla\u00e7\u00e3o aplic\u00e1vel e resolu\u00e7\u00e3o de disputas<\/b><\/p>\n<p>Estes Termos ser\u00e3o regidos e interpretados de acordo com as leis da Comunidade de Massachusetts, sem dar efeito a quaisquer princ\u00edpios de conflitos de leis. Qualquer disputa decorrente ou relacionada a estes Termos ou aos nossos Servi\u00e7os dever\u00e1 ser resolvida exclusivamente nos tribunais estaduais ou federais localizados em Massachusetts.<\/p>\n<p><b>Altera\u00e7\u00f5es nos termos<\/b><\/p>\n<p>Podemos atualizar estes Termos de tempos em tempos. Notificaremos voc\u00ea sobre quaisquer altera\u00e7\u00f5es publicando os novos Termos nesta p\u00e1gina. O uso continuado de nossos Servi\u00e7os ap\u00f3s qualquer altera\u00e7\u00e3o nestes Termos constituir\u00e1 sua aceita\u00e7\u00e3o de tais altera\u00e7\u00f5es.<\/p>\n<p><b>Entre em contato conosco<\/b><\/p>\n<p>Em caso de d\u00favidas ou preocupa\u00e7\u00f5es sobre estes Termos ou nossos Servi\u00e7os, entre em contato conosco pelo e-mail\u00a0<a href=\"mailto:support@neptunelaundry.com\">support@neptunelaundry.com<\/a>.<\/p>\n<p>Obrigado por usar a Neptune Laundromat!<\/p>","protected":false},"excerpt":{"rendered":"<p>Terms Of Use Welcome to Neptune Laundromat! These terms of use (\u201cTerms\u201d) apply to your use of our website, mobile applications, and any other services that we provide (collectively, the \u201cServices\u201d). By using our Services, you agree to these Terms. If you do not agree with these Terms, please do not use our Services. Use [&hellip;]<\/p>\n","protected":false},"author":1,"featured_media":0,"parent":0,"menu_order":9,"comment_status":"closed","ping_status":"closed","template":"","meta":{"_acf_changed":false,"footnotes":""},"class_list":["post-11023","page","type-page","status-publish","hentry"],"acf":[],"yoast_head":"<!-- This site is optimized with the Yoast SEO Premium plugin v27.5 (Yoast SEO v27.5) - https:\/\/yoast.com\/product\/yoast-seo-premium-wordpress\/ -->\n<title>Terms Of Use - Neptune Laundromat<\/title>\n<meta name=\"robots\" content=\"index, follow, max-snippet:-1, max-image-preview:large, max-video-preview:-1\" \/>\n<link rel=\"canonical\" href=\"https:\/\/www.neptunelaundry.com\/pt\/termos-de-uso\/\" \/>\n<meta property=\"og:locale\" content=\"pt_BR\" \/>\n<meta property=\"og:type\" content=\"article\" \/>\n<meta property=\"og:title\" content=\"Terms Of Use\" \/>\n<meta property=\"og:description\" content=\"Terms Of Use Welcome to Neptune Laundromat! These terms of use (\u201cTerms\u201d) apply to your use of our website, mobile applications, and any other services that we provide (collectively, the \u201cServices\u201d). By using our Services, you agree to these Terms. If you do not agree with these Terms, please do not use our Services. Use [&hellip;]\" \/>\n<meta property=\"og:url\" content=\"https:\/\/www.neptunelaundry.com\/pt\/termos-de-uso\/\" \/>\n<meta property=\"og:site_name\" content=\"Neptune Laundromat\" \/>\n<meta property=\"article:publisher\" content=\"https:\/\/www.facebook.com\/neptunelaundry\/\" \/>\n<meta property=\"article:modified_time\" content=\"2026-03-19T16:48:28+00:00\" \/>\n<meta name=\"twitter:card\" content=\"summary_large_image\" \/>\n<meta name=\"twitter:label1\" content=\"Est. tempo de leitura\" \/>\n\t<meta name=\"twitter:data1\" content=\"2 minutos\" \/>\n<script type=\"application\/ld+json\" class=\"yoast-schema-graph\">{\"@context\":\"https:\\\/\\\/schema.org\",\"@graph\":[{\"@type\":\"WebPage\",\"@id\":\"https:\\\/\\\/www.neptunelaundry.com\\\/pt\\\/termos-de-uso\\\/\",\"url\":\"https:\\\/\\\/www.neptunelaundry.com\\\/pt\\\/termos-de-uso\\\/\",\"name\":\"Terms Of Use - Neptune Laundromat\",\"isPartOf\":{\"@id\":\"https:\\\/\\\/www.neptunelaundry.com\\\/#website\"},\"datePublished\":\"2024-12-19T08:20:07+00:00\",\"dateModified\":\"2026-03-19T16:48:28+00:00\",\"breadcrumb\":{\"@id\":\"https:\\\/\\\/www.neptunelaundry.com\\\/pt\\\/termos-de-uso\\\/#breadcrumb\"},\"inLanguage\":\"pt-BR\",\"potentialAction\":[{\"@type\":\"ReadAction\",\"target\":[\"https:\\\/\\\/www.neptunelaundry.com\\\/pt\\\/termos-de-uso\\\/\"]}]},{\"@type\":\"BreadcrumbList\",\"@id\":\"https:\\\/\\\/www.neptunelaundry.com\\\/pt\\\/termos-de-uso\\\/#breadcrumb\",\"itemListElement\":[{\"@type\":\"ListItem\",\"position\":1,\"name\":\"Home\",\"item\":\"https:\\\/\\\/www.neptunelaundry.com\\\/\"},{\"@type\":\"ListItem\",\"position\":2,\"name\":\"Terms Of Use\"}]},{\"@type\":\"WebSite\",\"@id\":\"https:\\\/\\\/www.neptunelaundry.com\\\/#website\",\"url\":\"https:\\\/\\\/www.neptunelaundry.com\\\/\",\"name\":\"Neptune Laundromat\",\"description\":\"East Boston, Revere Laundromat\",\"publisher\":{\"@id\":\"https:\\\/\\\/www.neptunelaundry.com\\\/#organization\"},\"potentialAction\":[{\"@type\":\"SearchAction\",\"target\":{\"@type\":\"EntryPoint\",\"urlTemplate\":\"https:\\\/\\\/www.neptunelaundry.com\\\/?s={search_term_string}\"},\"query-input\":{\"@type\":\"PropertyValueSpecification\",\"valueRequired\":true,\"valueName\":\"search_term_string\"}}],\"inLanguage\":\"pt-BR\"},{\"@type\":\"Organization\",\"@id\":\"https:\\\/\\\/www.neptunelaundry.com\\\/#organization\",\"name\":\"Neptune Laundromat\",\"url\":\"https:\\\/\\\/www.neptunelaundry.com\\\/\",\"logo\":{\"@type\":\"ImageObject\",\"inLanguage\":\"pt-BR\",\"@id\":\"https:\\\/\\\/www.neptunelaundry.com\\\/#\\\/schema\\\/logo\\\/image\\\/\",\"url\":\"https:\\\/\\\/www.neptunelaundry.com\\\/wp-content\\\/uploads\\\/2026\\\/03\\\/Vector-File-White-02.jpg\",\"contentUrl\":\"https:\\\/\\\/www.neptunelaundry.com\\\/wp-content\\\/uploads\\\/2026\\\/03\\\/Vector-File-White-02.jpg\",\"width\":1,\"height\":1,\"caption\":\"Neptune Laundromat\"},\"image\":{\"@id\":\"https:\\\/\\\/www.neptunelaundry.com\\\/#\\\/schema\\\/logo\\\/image\\\/\"},\"sameAs\":[\"https:\\\/\\\/www.facebook.com\\\/neptunelaundry\\\/\",\"https:\\\/\\\/www.instagram.com\\\/neptunelaundry\\\/\"]}]}<\/script>\n<!-- \/ Yoast SEO Premium plugin. -->","yoast_head_json":{"title":"Termos de uso - Neptune Laundromat","robots":{"index":"index","follow":"follow","max-snippet":"max-snippet:-1","max-image-preview":"max-image-preview:large","max-video-preview":"max-video-preview:-1"},"canonical":"https:\/\/www.neptunelaundry.com\/pt\/termos-de-uso\/","og_locale":"pt_BR","og_type":"article","og_title":"Terms Of Use","og_description":"Terms Of Use Welcome to Neptune Laundromat! These terms of use (\u201cTerms\u201d) apply to your use of our website, mobile applications, and any other services that we provide (collectively, the \u201cServices\u201d). By using our Services, you agree to these Terms. If you do not agree with these Terms, please do not use our Services. Use [&hellip;]","og_url":"https:\/\/www.neptunelaundry.com\/pt\/termos-de-uso\/","og_site_name":"Neptune Laundromat","article_publisher":"https:\/\/www.facebook.com\/neptunelaundry\/","article_modified_time":"2026-03-19T16:48:28+00:00","twitter_card":"summary_large_image","twitter_misc":{"Est. tempo de leitura":"2 minutos"},"schema":{"@context":"https:\/\/schema.org","@graph":[{"@type":"WebPage","@id":"https:\/\/www.neptunelaundry.com\/pt\/termos-de-uso\/","url":"https:\/\/www.neptunelaundry.com\/pt\/termos-de-uso\/","name":"Termos de uso - Neptune Laundromat","isPartOf":{"@id":"https:\/\/www.neptunelaundry.com\/#website"},"datePublished":"2024-12-19T08:20:07+00:00","dateModified":"2026-03-19T16:48:28+00:00","breadcrumb":{"@id":"https:\/\/www.neptunelaundry.com\/pt\/termos-de-uso\/#breadcrumb"},"inLanguage":"pt-BR","potentialAction":[{"@type":"ReadAction","target":["https:\/\/www.neptunelaundry.com\/pt\/termos-de-uso\/"]}]},{"@type":"BreadcrumbList","@id":"https:\/\/www.neptunelaundry.com\/pt\/termos-de-uso\/#breadcrumb","itemListElement":[{"@type":"ListItem","position":1,"name":"Home","item":"https:\/\/www.neptunelaundry.com\/"},{"@type":"ListItem","position":2,"name":"Terms Of Use"}]},{"@type":"WebSite","@id":"https:\/\/www.neptunelaundry.com\/#website","url":"https:\/\/www.neptunelaundry.com\/","name":"Lavanderia Neptune","description":"Lavanderia em East Boston, Revere","publisher":{"@id":"https:\/\/www.neptunelaundry.com\/#organization"},"potentialAction":[{"@type":"SearchAction","target":{"@type":"EntryPoint","urlTemplate":"https:\/\/www.neptunelaundry.com\/?s={search_term_string}"},"query-input":{"@type":"PropertyValueSpecification","valueRequired":true,"valueName":"search_term_string"}}],"inLanguage":"pt-BR"},{"@type":"Organization","@id":"https:\/\/www.neptunelaundry.com\/#organization","name":"Lavanderia Neptune","url":"https:\/\/www.neptunelaundry.com\/","logo":{"@type":"ImageObject","inLanguage":"pt-BR","@id":"https:\/\/www.neptunelaundry.com\/#\/schema\/logo\/image\/","url":"https:\/\/www.neptunelaundry.com\/wp-content\/uploads\/2026\/03\/Vector-File-White-02.jpg","contentUrl":"https:\/\/www.neptunelaundry.com\/wp-content\/uploads\/2026\/03\/Vector-File-White-02.jpg","width":1,"height":1,"caption":"Neptune Laundromat"},"image":{"@id":"https:\/\/www.neptunelaundry.com\/#\/schema\/logo\/image\/"},"sameAs":["https:\/\/www.facebook.com\/neptunelaundry\/","https:\/\/www.instagram.com\/neptunelaundry\/"]}]}},"_links":{"self":[{"href":"https:\/\/www.neptunelaundry.com\/pt\/wp-json\/wp\/v2\/pages\/11023","targetHints":{"allow":["GET"]}}],"collection":[{"href":"https:\/\/www.neptunelaundry.com\/pt\/wp-json\/wp\/v2\/pages"}],"about":[{"href":"https:\/\/www.neptunelaundry.com\/pt\/wp-json\/wp\/v2\/types\/page"}],"author":[{"embeddable":true,"href":"https:\/\/www.neptunelaundry.com\/pt\/wp-json\/wp\/v2\/users\/1"}],"replies":[{"embeddable":true,"href":"https:\/\/www.neptunelaundry.com\/pt\/wp-json\/wp\/v2\/comments?post=11023"}],"version-history":[{"count":1,"href":"https:\/\/www.neptunelaundry.com\/pt\/wp-json\/wp\/v2\/pages\/11023\/revisions"}],"predecessor-version":[{"id":11517,"href":"https:\/\/www.neptunelaundry.com\/pt\/wp-json\/wp\/v2\/pages\/11023\/revisions\/11517"}],"wp:attachment":[{"href":"https:\/\/www.neptunelaundry.com\/pt\/wp-json\/wp\/v2\/media?parent=11023"}],"curies":[{"name":"wp","href":"https:\/\/api.w.org\/{rel}","templated":true}]}}