{"id":11017,"date":"2024-12-19T08:08:40","date_gmt":"2024-12-19T08:08:40","guid":{"rendered":"https:\/\/gcdev3.com\/neptunelaundry\/?page_id=11017"},"modified":"2026-03-25T13:37:41","modified_gmt":"2026-03-25T13:37:41","slug":"home","status":"publish","type":"page","link":"https:\/\/www.neptunelaundry.com\/pt\/","title":{"rendered":"In\u00edcio"},"content":{"rendered":"","protected":false},"excerpt":{"rendered":"","protected":false},"author":1,"featured_media":0,"parent":0,"menu_order":2,"comment_status":"closed","ping_status":"closed","template":"t_home.php","meta":{"_acf_changed":false,"footnotes":""},"class_list":["post-11017","page","type-page","status-publish","hentry"],"acf":[],"yoast_head":"<!-- This site is optimized with the Yoast SEO Premium plugin v27.5 (Yoast SEO v27.5) - https:\/\/yoast.com\/product\/yoast-seo-premium-wordpress\/ -->\n<title>Home - Neptune Laundromat<\/title>\n<meta name=\"description\" content=\"Find the best laundromat in your area for all your laundry needs. Experience our Wash and Fold or Pick Up and Delivery Services today!\" \/>\n<meta name=\"robots\" content=\"index, follow, max-snippet:-1, max-image-preview:large, max-video-preview:-1\" \/>\n<link rel=\"canonical\" href=\"https:\/\/www.neptunelaundry.com\/pt\/\" \/>\n<meta property=\"og:locale\" content=\"pt_BR\" \/>\n<meta property=\"og:type\" content=\"article\" \/>\n<meta property=\"og:title\" content=\"Home\" \/>\n<meta property=\"og:description\" content=\"Find the best laundromat in your area for all your laundry needs. Experience our Wash and Fold or Pick Up and Delivery Services today!\" \/>\n<meta property=\"og:url\" content=\"https:\/\/www.neptunelaundry.com\/pt\/\" \/>\n<meta property=\"og:site_name\" content=\"Neptune Laundromat\" \/>\n<meta property=\"article:publisher\" content=\"https:\/\/www.facebook.com\/neptunelaundry\/\" \/>\n<meta property=\"article:modified_time\" content=\"2026-03-25T13:37:41+00:00\" \/>\n<meta name=\"twitter:card\" content=\"summary_large_image\" \/>\n<script type=\"application\/ld+json\" class=\"yoast-schema-graph\">{\"@context\":\"https:\\\/\\\/schema.org\",\"@graph\":[{\"@type\":\"WebPage\",\"@id\":\"https:\\\/\\\/www.neptunelaundry.com\\\/\",\"url\":\"https:\\\/\\\/www.neptunelaundry.com\\\/\",\"name\":\"Home - Neptune Laundromat\",\"isPartOf\":{\"@id\":\"https:\\\/\\\/www.neptunelaundry.com\\\/#website\"},\"datePublished\":\"2024-12-19T08:08:40+00:00\",\"dateModified\":\"2026-03-25T13:37:41+00:00\",\"description\":\"Find the best laundromat in your area for all your laundry needs. Experience our Wash and Fold or Pick Up and Delivery Services today!\",\"breadcrumb\":{\"@id\":\"https:\\\/\\\/www.neptunelaundry.com\\\/#breadcrumb\"},\"inLanguage\":\"pt-BR\",\"potentialAction\":[{\"@type\":\"ReadAction\",\"target\":[\"https:\\\/\\\/www.neptunelaundry.com\\\/\"]}]},{\"@type\":\"BreadcrumbList\",\"@id\":\"https:\\\/\\\/www.neptunelaundry.com\\\/#breadcrumb\",\"itemListElement\":[{\"@type\":\"ListItem\",\"position\":1,\"name\":\"Home\",\"item\":\"https:\\\/\\\/www.neptunelaundry.com\\\/\"},{\"@type\":\"ListItem\",\"position\":2,\"name\":\"Home\"}]},{\"@type\":\"WebSite\",\"@id\":\"https:\\\/\\\/www.neptunelaundry.com\\\/#website\",\"url\":\"https:\\\/\\\/www.neptunelaundry.com\\\/\",\"name\":\"Neptune Laundromat\",\"description\":\"East Boston, Revere Laundromat\",\"publisher\":{\"@id\":\"https:\\\/\\\/www.neptunelaundry.com\\\/#organization\"},\"potentialAction\":[{\"@type\":\"SearchAction\",\"target\":{\"@type\":\"EntryPoint\",\"urlTemplate\":\"https:\\\/\\\/www.neptunelaundry.com\\\/?s={search_term_string}\"},\"query-input\":{\"@type\":\"PropertyValueSpecification\",\"valueRequired\":true,\"valueName\":\"search_term_string\"}}],\"inLanguage\":\"pt-BR\"},{\"@type\":\"Organization\",\"@id\":\"https:\\\/\\\/www.neptunelaundry.com\\\/#organization\",\"name\":\"Neptune Laundromat\",\"url\":\"https:\\\/\\\/www.neptunelaundry.com\\\/\",\"logo\":{\"@type\":\"ImageObject\",\"inLanguage\":\"pt-BR\",\"@id\":\"https:\\\/\\\/www.neptunelaundry.com\\\/#\\\/schema\\\/logo\\\/image\\\/\",\"url\":\"https:\\\/\\\/www.neptunelaundry.com\\\/wp-content\\\/uploads\\\/2026\\\/03\\\/Vector-File-White-02.jpg\",\"contentUrl\":\"https:\\\/\\\/www.neptunelaundry.com\\\/wp-content\\\/uploads\\\/2026\\\/03\\\/Vector-File-White-02.jpg\",\"width\":1,\"height\":1,\"caption\":\"Neptune Laundromat\"},\"image\":{\"@id\":\"https:\\\/\\\/www.neptunelaundry.com\\\/#\\\/schema\\\/logo\\\/image\\\/\"},\"sameAs\":[\"https:\\\/\\\/www.facebook.com\\\/neptunelaundry\\\/\",\"https:\\\/\\\/www.instagram.com\\\/neptunelaundry\\\/\"]}]}<\/script>\n<!-- \/ Yoast SEO Premium plugin. -->","yoast_head_json":{"title":"P\u00e1gina inicial - Neptune Laundromat","description":"Encontre a melhor lavanderia da sua regi\u00e3o para todas as suas necessidades de lavanderia. Experimente nossos servi\u00e7os de lavagem e dobra ou de coleta e entrega hoje mesmo!","robots":{"index":"index","follow":"follow","max-snippet":"max-snippet:-1","max-image-preview":"max-image-preview:large","max-video-preview":"max-video-preview:-1"},"canonical":"https:\/\/www.neptunelaundry.com\/pt\/","og_locale":"pt_BR","og_type":"article","og_title":"Home","og_description":"Find the best laundromat in your area for all your laundry needs. Experience our Wash and Fold or Pick Up and Delivery Services today!","og_url":"https:\/\/www.neptunelaundry.com\/pt\/","og_site_name":"Neptune Laundromat","article_publisher":"https:\/\/www.facebook.com\/neptunelaundry\/","article_modified_time":"2026-03-25T13:37:41+00:00","twitter_card":"summary_large_image","schema":{"@context":"https:\/\/schema.org","@graph":[{"@type":"WebPage","@id":"https:\/\/www.neptunelaundry.com\/","url":"https:\/\/www.neptunelaundry.com\/","name":"P\u00e1gina inicial - Neptune Laundromat","isPartOf":{"@id":"https:\/\/www.neptunelaundry.com\/#website"},"datePublished":"2024-12-19T08:08:40+00:00","dateModified":"2026-03-25T13:37:41+00:00","description":"Encontre a melhor lavanderia da sua regi\u00e3o para todas as suas necessidades de lavanderia. Experimente nossos servi\u00e7os de lavagem e dobra ou de coleta e entrega hoje mesmo!","breadcrumb":{"@id":"https:\/\/www.neptunelaundry.com\/#breadcrumb"},"inLanguage":"pt-BR","potentialAction":[{"@type":"ReadAction","target":["https:\/\/www.neptunelaundry.com\/"]}]},{"@type":"BreadcrumbList","@id":"https:\/\/www.neptunelaundry.com\/#breadcrumb","itemListElement":[{"@type":"ListItem","position":1,"name":"Home","item":"https:\/\/www.neptunelaundry.com\/"},{"@type":"ListItem","position":2,"name":"Home"}]},{"@type":"WebSite","@id":"https:\/\/www.neptunelaundry.com\/#website","url":"https:\/\/www.neptunelaundry.com\/","name":"Lavanderia Neptune","description":"Lavanderia em East Boston, Revere","publisher":{"@id":"https:\/\/www.neptunelaundry.com\/#organization"},"potentialAction":[{"@type":"SearchAction","target":{"@type":"EntryPoint","urlTemplate":"https:\/\/www.neptunelaundry.com\/?s={search_term_string}"},"query-input":{"@type":"PropertyValueSpecification","valueRequired":true,"valueName":"search_term_string"}}],"inLanguage":"pt-BR"},{"@type":"Organization","@id":"https:\/\/www.neptunelaundry.com\/#organization","name":"Lavanderia Neptune","url":"https:\/\/www.neptunelaundry.com\/","logo":{"@type":"ImageObject","inLanguage":"pt-BR","@id":"https:\/\/www.neptunelaundry.com\/#\/schema\/logo\/image\/","url":"https:\/\/www.neptunelaundry.com\/wp-content\/uploads\/2026\/03\/Vector-File-White-02.jpg","contentUrl":"https:\/\/www.neptunelaundry.com\/wp-content\/uploads\/2026\/03\/Vector-File-White-02.jpg","width":1,"height":1,"caption":"Neptune Laundromat"},"image":{"@id":"https:\/\/www.neptunelaundry.com\/#\/schema\/logo\/image\/"},"sameAs":["https:\/\/www.facebook.com\/neptunelaundry\/","https:\/\/www.instagram.com\/neptunelaundry\/"]}]}},"_links":{"self":[{"href":"https:\/\/www.neptunelaundry.com\/pt\/wp-json\/wp\/v2\/pages\/11017","targetHints":{"allow":["GET"]}}],"collection":[{"href":"https:\/\/www.neptunelaundry.com\/pt\/wp-json\/wp\/v2\/pages"}],"about":[{"href":"https:\/\/www.neptunelaundry.com\/pt\/wp-json\/wp\/v2\/types\/page"}],"author":[{"embeddable":true,"href":"https:\/\/www.neptunelaundry.com\/pt\/wp-json\/wp\/v2\/users\/1"}],"replies":[{"embeddable":true,"href":"https:\/\/www.neptunelaundry.com\/pt\/wp-json\/wp\/v2\/comments?post=11017"}],"version-history":[{"count":8,"href":"https:\/\/www.neptunelaundry.com\/pt\/wp-json\/wp\/v2\/pages\/11017\/revisions"}],"predecessor-version":[{"id":11547,"href":"https:\/\/www.neptunelaundry.com\/pt\/wp-json\/wp\/v2\/pages\/11017\/revisions\/11547"}],"wp:attachment":[{"href":"https:\/\/www.neptunelaundry.com\/pt\/wp-json\/wp\/v2\/media?parent=11017"}],"curies":[{"name":"wp","href":"https:\/\/api.w.org\/{rel}","templated":true}]}}