{"id":11023,"date":"2024-12-19T08:20:07","date_gmt":"2024-12-19T08:20:07","guid":{"rendered":"https:\/\/gcdev3.com\/neptunelaundry\/?page_id=11023"},"modified":"2026-03-19T16:48:28","modified_gmt":"2026-03-19T16:48:28","slug":"condiciones-de-uso","status":"publish","type":"page","link":"https:\/\/www.neptunelaundry.com\/es\/terms-of-use\/","title":{"rendered":"Condiciones de uso"},"content":{"rendered":"<h1>Condiciones de uso<\/h1>\n<p>\u00a1Bienvenido a Neptune Laundromat! Estas condiciones de uso (\u201cCondiciones\u201d) se aplican al uso que usted haga de nuestro sitio web, nuestras aplicaciones m\u00f3viles y cualquier otro servicio que prestemos (en conjunto, los \u201cServicios\u201d). Al utilizar nuestros Servicios, usted acepta estas Condiciones. Si no est\u00e1 de acuerdo con estas Condiciones, le rogamos que no utilice nuestros Servicios.<\/p>\n<p><b>Uso de los servicios<\/b><\/p>\n<p>Puede utilizar nuestros Servicios para su uso personal y no comercial. No puede utilizar nuestros Servicios con fines ilegales o no autorizados, ni de ninguna manera que infrinja estas Condiciones. No puede utilizar ning\u00fan medio automatizado para acceder a nuestros Servicios, ni interferir o interrumpir nuestros Servicios o servidores.<\/p>\n<p><b>Cuentas de usuario<\/b><\/p>\n<p>Para utilizar determinadas funciones de nuestros Servicios, es posible que se le pida que cree una cuenta de usuario. Usted es responsable de mantener la confidencialidad de la informaci\u00f3n de su cuenta, as\u00ed como de todas las actividades que se realicen a trav\u00e9s de ella. No debe compartir la informaci\u00f3n de su cuenta con terceros. Nos reservamos el derecho de suspender o cancelar su cuenta si sospechamos que se est\u00e1 haciendo un uso no autorizado de la misma.<\/p>\n<p><b>Propiedad intelectual<\/b><\/p>\n<p>Nuestros Servicios y todo el contenido y los materiales que estos incluyen, entre otros, textos, gr\u00e1ficos, logotipos, im\u00e1genes y software, son propiedad de Neptune Laundromat o se utilizan bajo licencia de esta, y est\u00e1n protegidos por las leyes de derechos de autor, marcas registradas y otras leyes de propiedad intelectual. No est\u00e1 permitido reproducir, distribuir ni modificar ning\u00fan contenido o material de nuestros Servicios sin nuestro consentimiento previo por escrito.<\/p>\n<p><b>Limitaci\u00f3n de responsabilidad<\/b><\/p>\n<p>Nuestros Servicios se prestan \u201ctal cual\u201d y \u201cseg\u00fan disponibilidad\u201d. No ofrecemos garant\u00eda ni declaraci\u00f3n alguna, ya sea expresa o impl\u00edcita, respecto al uso o los resultados de nuestros Servicios en cuanto a su precisi\u00f3n, fiabilidad, integridad o idoneidad para cualquier prop\u00f3sito. En la medida en que lo permita la ley, Neptune Laundromat no ser\u00e1 responsable de ning\u00fan da\u00f1o directo, indirecto, incidental, especial o consecuente que surja del uso o la imposibilidad de usar nuestros Servicios, incluso si se nos ha informado de la posibilidad de tales da\u00f1os.<\/p>\n<p><b>Legislaci\u00f3n aplicable y resoluci\u00f3n de controversias<\/b><\/p>\n<p>Las presentes Condiciones se regir\u00e1n e interpretar\u00e1n de conformidad con las leyes del Estado de Massachusetts, sin que sean de aplicaci\u00f3n los principios sobre conflicto de leyes. Cualquier controversia que surja de o est\u00e9 relacionada con las presentes Condiciones o con nuestros Servicios se resolver\u00e1 exclusivamente ante los tribunales estatales o federales ubicados en Massachusetts.<\/p>\n<p><b>Modificaciones de los t\u00e9rminos<\/b><\/p>\n<p>Es posible que actualicemos estas Condiciones de vez en cuando. Te notificaremos cualquier cambio mediante la publicaci\u00f3n de las nuevas Condiciones en esta p\u00e1gina. El uso continuado de nuestros Servicios tras cualquier cambio en estas Condiciones se considerar\u00e1 como tu aceptaci\u00f3n de dichos cambios.<\/p>\n<p><b>Cont\u00e1ctenos<\/b><\/p>\n<p>Si tiene alguna pregunta o duda sobre estas Condiciones o nuestros Servicios, p\u00f3ngase en contacto con nosotros en\u00a0<a href=\"mailto:support@neptunelaundry.com\">support@neptunelaundry.com<\/a>.<\/p>\n<p>\u00a1Gracias por utilizar Neptune Laundromat!<\/p>","protected":false},"excerpt":{"rendered":"<p>Terms Of Use Welcome to Neptune Laundromat! These terms of use (\u201cTerms\u201d) apply to your use of our website, mobile applications, and any other services that we provide (collectively, the \u201cServices\u201d). By using our Services, you agree to these Terms. If you do not agree with these Terms, please do not use our Services. Use [&hellip;]<\/p>\n","protected":false},"author":1,"featured_media":0,"parent":0,"menu_order":9,"comment_status":"closed","ping_status":"closed","template":"","meta":{"_acf_changed":false,"footnotes":""},"class_list":["post-11023","page","type-page","status-publish","hentry"],"acf":[],"yoast_head":"<!-- This site is optimized with the Yoast SEO Premium plugin v27.5 (Yoast SEO v27.5) - https:\/\/yoast.com\/product\/yoast-seo-premium-wordpress\/ -->\n<title>Terms Of Use - Neptune Laundromat<\/title>\n<meta name=\"robots\" content=\"index, follow, max-snippet:-1, max-image-preview:large, max-video-preview:-1\" \/>\n<link rel=\"canonical\" href=\"https:\/\/www.neptunelaundry.com\/es\/condiciones-de-uso\/\" \/>\n<meta property=\"og:locale\" content=\"es_MX\" \/>\n<meta property=\"og:type\" content=\"article\" \/>\n<meta property=\"og:title\" content=\"Terms Of Use\" \/>\n<meta property=\"og:description\" content=\"Terms Of Use Welcome to Neptune Laundromat! These terms of use (\u201cTerms\u201d) apply to your use of our website, mobile applications, and any other services that we provide (collectively, the \u201cServices\u201d). By using our Services, you agree to these Terms. If you do not agree with these Terms, please do not use our Services. Use [&hellip;]\" \/>\n<meta property=\"og:url\" content=\"https:\/\/www.neptunelaundry.com\/es\/condiciones-de-uso\/\" \/>\n<meta property=\"og:site_name\" content=\"Neptune Laundromat\" \/>\n<meta property=\"article:publisher\" content=\"https:\/\/www.facebook.com\/neptunelaundry\/\" \/>\n<meta property=\"article:modified_time\" content=\"2026-03-19T16:48:28+00:00\" \/>\n<meta name=\"twitter:card\" content=\"summary_large_image\" \/>\n<meta name=\"twitter:label1\" content=\"Tiempo de lectura\" \/>\n\t<meta name=\"twitter:data1\" content=\"2 minutos\" \/>\n<script type=\"application\/ld+json\" class=\"yoast-schema-graph\">{\"@context\":\"https:\\\/\\\/schema.org\",\"@graph\":[{\"@type\":\"WebPage\",\"@id\":\"https:\\\/\\\/www.neptunelaundry.com\\\/pt\\\/termos-de-uso\\\/\",\"url\":\"https:\\\/\\\/www.neptunelaundry.com\\\/pt\\\/termos-de-uso\\\/\",\"name\":\"Terms Of Use - Neptune Laundromat\",\"isPartOf\":{\"@id\":\"https:\\\/\\\/www.neptunelaundry.com\\\/#website\"},\"datePublished\":\"2024-12-19T08:20:07+00:00\",\"dateModified\":\"2026-03-19T16:48:28+00:00\",\"breadcrumb\":{\"@id\":\"https:\\\/\\\/www.neptunelaundry.com\\\/pt\\\/termos-de-uso\\\/#breadcrumb\"},\"inLanguage\":\"es\",\"potentialAction\":[{\"@type\":\"ReadAction\",\"target\":[\"https:\\\/\\\/www.neptunelaundry.com\\\/pt\\\/termos-de-uso\\\/\"]}]},{\"@type\":\"BreadcrumbList\",\"@id\":\"https:\\\/\\\/www.neptunelaundry.com\\\/pt\\\/termos-de-uso\\\/#breadcrumb\",\"itemListElement\":[{\"@type\":\"ListItem\",\"position\":1,\"name\":\"Home\",\"item\":\"https:\\\/\\\/www.neptunelaundry.com\\\/\"},{\"@type\":\"ListItem\",\"position\":2,\"name\":\"Terms Of Use\"}]},{\"@type\":\"WebSite\",\"@id\":\"https:\\\/\\\/www.neptunelaundry.com\\\/#website\",\"url\":\"https:\\\/\\\/www.neptunelaundry.com\\\/\",\"name\":\"Neptune Laundromat\",\"description\":\"East Boston, Revere Laundromat\",\"publisher\":{\"@id\":\"https:\\\/\\\/www.neptunelaundry.com\\\/#organization\"},\"potentialAction\":[{\"@type\":\"SearchAction\",\"target\":{\"@type\":\"EntryPoint\",\"urlTemplate\":\"https:\\\/\\\/www.neptunelaundry.com\\\/?s={search_term_string}\"},\"query-input\":{\"@type\":\"PropertyValueSpecification\",\"valueRequired\":true,\"valueName\":\"search_term_string\"}}],\"inLanguage\":\"es\"},{\"@type\":\"Organization\",\"@id\":\"https:\\\/\\\/www.neptunelaundry.com\\\/#organization\",\"name\":\"Neptune Laundromat\",\"url\":\"https:\\\/\\\/www.neptunelaundry.com\\\/\",\"logo\":{\"@type\":\"ImageObject\",\"inLanguage\":\"es\",\"@id\":\"https:\\\/\\\/www.neptunelaundry.com\\\/#\\\/schema\\\/logo\\\/image\\\/\",\"url\":\"https:\\\/\\\/www.neptunelaundry.com\\\/wp-content\\\/uploads\\\/2026\\\/03\\\/Vector-File-White-02.jpg\",\"contentUrl\":\"https:\\\/\\\/www.neptunelaundry.com\\\/wp-content\\\/uploads\\\/2026\\\/03\\\/Vector-File-White-02.jpg\",\"width\":1,\"height\":1,\"caption\":\"Neptune Laundromat\"},\"image\":{\"@id\":\"https:\\\/\\\/www.neptunelaundry.com\\\/#\\\/schema\\\/logo\\\/image\\\/\"},\"sameAs\":[\"https:\\\/\\\/www.facebook.com\\\/neptunelaundry\\\/\",\"https:\\\/\\\/www.instagram.com\\\/neptunelaundry\\\/\"]}]}<\/script>\n<!-- \/ Yoast SEO Premium plugin. -->","yoast_head_json":{"title":"Condiciones de uso - Neptune Laundromat","robots":{"index":"index","follow":"follow","max-snippet":"max-snippet:-1","max-image-preview":"max-image-preview:large","max-video-preview":"max-video-preview:-1"},"canonical":"https:\/\/www.neptunelaundry.com\/es\/condiciones-de-uso\/","og_locale":"es_MX","og_type":"article","og_title":"Terms Of Use","og_description":"Terms Of Use Welcome to Neptune Laundromat! These terms of use (\u201cTerms\u201d) apply to your use of our website, mobile applications, and any other services that we provide (collectively, the \u201cServices\u201d). By using our Services, you agree to these Terms. If you do not agree with these Terms, please do not use our Services. Use [&hellip;]","og_url":"https:\/\/www.neptunelaundry.com\/es\/condiciones-de-uso\/","og_site_name":"Neptune Laundromat","article_publisher":"https:\/\/www.facebook.com\/neptunelaundry\/","article_modified_time":"2026-03-19T16:48:28+00:00","twitter_card":"summary_large_image","twitter_misc":{"Tiempo de lectura":"2 minutos"},"schema":{"@context":"https:\/\/schema.org","@graph":[{"@type":"WebPage","@id":"https:\/\/www.neptunelaundry.com\/pt\/termos-de-uso\/","url":"https:\/\/www.neptunelaundry.com\/pt\/termos-de-uso\/","name":"Condiciones de uso - Neptune Laundromat","isPartOf":{"@id":"https:\/\/www.neptunelaundry.com\/#website"},"datePublished":"2024-12-19T08:20:07+00:00","dateModified":"2026-03-19T16:48:28+00:00","breadcrumb":{"@id":"https:\/\/www.neptunelaundry.com\/pt\/termos-de-uso\/#breadcrumb"},"inLanguage":"es","potentialAction":[{"@type":"ReadAction","target":["https:\/\/www.neptunelaundry.com\/pt\/termos-de-uso\/"]}]},{"@type":"BreadcrumbList","@id":"https:\/\/www.neptunelaundry.com\/pt\/termos-de-uso\/#breadcrumb","itemListElement":[{"@type":"ListItem","position":1,"name":"Home","item":"https:\/\/www.neptunelaundry.com\/"},{"@type":"ListItem","position":2,"name":"Terms Of Use"}]},{"@type":"WebSite","@id":"https:\/\/www.neptunelaundry.com\/#website","url":"https:\/\/www.neptunelaundry.com\/","name":"Lavander\u00eda Neptune","description":"East Boston, Lavander\u00eda de Revere","publisher":{"@id":"https:\/\/www.neptunelaundry.com\/#organization"},"potentialAction":[{"@type":"SearchAction","target":{"@type":"EntryPoint","urlTemplate":"https:\/\/www.neptunelaundry.com\/?s={search_term_string}"},"query-input":{"@type":"PropertyValueSpecification","valueRequired":true,"valueName":"search_term_string"}}],"inLanguage":"es"},{"@type":"Organization","@id":"https:\/\/www.neptunelaundry.com\/#organization","name":"Lavander\u00eda Neptune","url":"https:\/\/www.neptunelaundry.com\/","logo":{"@type":"ImageObject","inLanguage":"es","@id":"https:\/\/www.neptunelaundry.com\/#\/schema\/logo\/image\/","url":"https:\/\/www.neptunelaundry.com\/wp-content\/uploads\/2026\/03\/Vector-File-White-02.jpg","contentUrl":"https:\/\/www.neptunelaundry.com\/wp-content\/uploads\/2026\/03\/Vector-File-White-02.jpg","width":1,"height":1,"caption":"Neptune Laundromat"},"image":{"@id":"https:\/\/www.neptunelaundry.com\/#\/schema\/logo\/image\/"},"sameAs":["https:\/\/www.facebook.com\/neptunelaundry\/","https:\/\/www.instagram.com\/neptunelaundry\/"]}]}},"_links":{"self":[{"href":"https:\/\/www.neptunelaundry.com\/es\/wp-json\/wp\/v2\/pages\/11023","targetHints":{"allow":["GET"]}}],"collection":[{"href":"https:\/\/www.neptunelaundry.com\/es\/wp-json\/wp\/v2\/pages"}],"about":[{"href":"https:\/\/www.neptunelaundry.com\/es\/wp-json\/wp\/v2\/types\/page"}],"author":[{"embeddable":true,"href":"https:\/\/www.neptunelaundry.com\/es\/wp-json\/wp\/v2\/users\/1"}],"replies":[{"embeddable":true,"href":"https:\/\/www.neptunelaundry.com\/es\/wp-json\/wp\/v2\/comments?post=11023"}],"version-history":[{"count":1,"href":"https:\/\/www.neptunelaundry.com\/es\/wp-json\/wp\/v2\/pages\/11023\/revisions"}],"predecessor-version":[{"id":11517,"href":"https:\/\/www.neptunelaundry.com\/es\/wp-json\/wp\/v2\/pages\/11023\/revisions\/11517"}],"wp:attachment":[{"href":"https:\/\/www.neptunelaundry.com\/es\/wp-json\/wp\/v2\/media?parent=11023"}],"curies":[{"name":"wp","href":"https:\/\/api.w.org\/{rel}","templated":true}]}}