{"id":10822,"date":"2024-12-11T19:37:30","date_gmt":"2024-12-11T19:37:30","guid":{"rendered":"https:\/\/gcdev3.com\/augusta\/customer-terms-and-conditions-copy\/"},"modified":"2026-03-19T16:47:33","modified_gmt":"2026-03-19T16:47:33","slug":"politica-de-privacidad","status":"publish","type":"page","link":"https:\/\/www.neptunelaundry.com\/es\/privacy-policy\/","title":{"rendered":"Pol\u00edtica de privacidad"},"content":{"rendered":"<h1>Pol\u00edtica de privacidad<\/h1>\n<p>Neptune Laundromat (\u201cNeptune\u201d, \u201cnosotros\u201d, \u201cnos\u201d o \u201cnuestro\u201d) se compromete a proteger la privacidad de nuestros clientes y de los usuarios de nuestro sitio web y nuestros servicios. Esta Pol\u00edtica de privacidad (\u201cPol\u00edtica\u201d) describe los tipos de informaci\u00f3n que recopilamos, c\u00f3mo la utilizamos y protegemos, y con qui\u00e9n podemos compartirla. Esta Pol\u00edtica se aplica a nuestro sitio web, aplicaciones m\u00f3viles y cualquier otro servicio que prestemos (en conjunto, los \u201cServicios\u201d).<\/p>\n<p>Al utilizar nuestros Servicios, usted acepta los t\u00e9rminos de esta Pol\u00edtica de privacidad y nuestras Condiciones de servicio. Si no est\u00e1 de acuerdo con los t\u00e9rminos de esta Pol\u00edtica, le rogamos que no utilice nuestros Servicios.<\/p>\n<p><b>Informaci\u00f3n que recopilamos<\/b><\/p>\n<ol>\n<li>Informaci\u00f3n personal<br \/>\nCuando utiliza nuestros Servicios, es posible que recopilemos informaci\u00f3n personal sobre usted, como su nombre, direcci\u00f3n de correo electr\u00f3nico, n\u00famero de tel\u00e9fono, direcci\u00f3n f\u00edsica e informaci\u00f3n de pago.<\/li>\n<li>Informaci\u00f3n de uso<br \/>\nPodemos recopilar autom\u00e1ticamente informaci\u00f3n sobre el uso que usted hace de nuestros Servicios, como las p\u00e1ginas que visita, los enlaces en los que hace clic, la hora y la duraci\u00f3n de sus visitas, y otra informaci\u00f3n similar. Podemos utilizar cookies, balizas web u otras tecnolog\u00edas de seguimiento para recopilar esta informaci\u00f3n.<\/li>\n<\/ol>\n<p><b>Podemos utilizar su informaci\u00f3n personal para los siguientes fines:<\/b><\/p>\n<ul>\n<li>Para prestar nuestros Servicios, lo que incluye procesar sus pedidos y entregarle su ropa lavada y de tintorer\u00eda;<\/li>\n<li>Para comunicarnos contigo en relaci\u00f3n con tus pedidos, novedades sobre nuestros servicios u ofertas promocionales;<\/li>\n<li>Para mejorar nuestros servicios y la atenci\u00f3n al cliente;<\/li>\n<li>Para detectar, prevenir y resolver problemas t\u00e9cnicos;<\/li>\n<li>Para cumplir con las obligaciones legales y proteger nuestros derechos.<\/li>\n<\/ul>\n<p><b>Compartir su informaci\u00f3n<\/b><\/p>\n<p>No vendemos ni alquilamos su informaci\u00f3n personal a terceros. Podemos compartir su informaci\u00f3n con proveedores de servicios externos que prestan servicios en nuestro nombre, como servicios de procesamiento de pagos o de entrega. Estos proveedores est\u00e1n obligados a mantener la confidencialidad de su informaci\u00f3n y no tienen permiso para utilizarla con ning\u00fan otro fin.<\/p>\n<p>Tambi\u00e9n podr\u00edamos divulgar su informaci\u00f3n si as\u00ed lo exige la ley, para hacer cumplir nuestras Condiciones de servicio o para proteger la seguridad, los derechos o los bienes de Neptune Laundromat, de nuestros clientes o de terceros.<\/p>\n<p><b>Seguridad<\/b><\/p>\n<p>Tomamos medidas razonables para proteger su informaci\u00f3n personal contra el acceso, el uso o la divulgaci\u00f3n no autorizados. Sin embargo, ning\u00fan m\u00e9todo de transmisi\u00f3n por Internet ni de almacenamiento electr\u00f3nico es completamente seguro, por lo que no podemos garantizar la seguridad absoluta de su informaci\u00f3n.<\/p>\n<p><b>Sitios web de terceros<\/b><\/p>\n<p>Nuestros Servicios pueden contener enlaces a sitios web de terceros. No nos hacemos responsables de las pr\u00e1cticas de privacidad ni del contenido de dichos sitios web. Le recomendamos que revise las pol\u00edticas de privacidad de cualquier sitio web de terceros que visite.<\/p>\n<p><b>Cambios en esta Pol\u00edtica de privacidad<\/b><\/p>\n<p>Es posible que actualicemos esta Pol\u00edtica de privacidad de vez en cuando. Le notificaremos cualquier cambio mediante la publicaci\u00f3n de la nueva Pol\u00edtica de privacidad en esta p\u00e1gina. El uso continuado de nuestros Servicios tras cualquier cambio en esta Pol\u00edtica se considerar\u00e1 como su aceptaci\u00f3n de dichos cambios.<\/p>\n<p><b>Cont\u00e1ctenos<\/b><\/p>\n<p>Si tiene alguna pregunta o duda sobre esta Pol\u00edtica de privacidad o nuestras pr\u00e1cticas de privacidad, p\u00f3ngase en contacto con nosotros en:\u00a0<a href=\"mailto:support@neptunelaundry.com\">support@neptunelaundry.com<\/a><\/p>","protected":false},"excerpt":{"rendered":"<p>Privacy Policy Neptune Laundromat (\u201cNeptune,\u201d \u201cwe,\u201d \u201cus,\u201d or \u201cour\u201d) is committed to protecting the privacy of our customers and users of our website and services. This Privacy Policy (\u201cPolicy\u201d) outlines the types of information we collect, how we use and safeguard that information, and with whom we may share it. This Policy applies to our [&hellip;]<\/p>\n","protected":false},"author":1,"featured_media":0,"parent":0,"menu_order":8,"comment_status":"closed","ping_status":"closed","template":"","meta":{"_acf_changed":false,"footnotes":""},"class_list":["post-10822","page","type-page","status-publish","hentry"],"acf":[],"yoast_head":"<!-- This site is optimized with the Yoast SEO Premium plugin v27.5 (Yoast SEO v27.5) - https:\/\/yoast.com\/product\/yoast-seo-premium-wordpress\/ -->\n<title>Privacy Policy - Neptune Laundromat<\/title>\n<meta name=\"robots\" content=\"noindex, follow\" \/>\n<meta property=\"og:locale\" content=\"es_MX\" \/>\n<meta property=\"og:type\" content=\"article\" \/>\n<meta property=\"og:title\" content=\"Privacy Policy\" \/>\n<meta property=\"og:description\" content=\"Privacy Policy Neptune Laundromat (\u201cNeptune,\u201d \u201cwe,\u201d \u201cus,\u201d or \u201cour\u201d) is committed to protecting the privacy of our customers and users of our website and services. This Privacy Policy (\u201cPolicy\u201d) outlines the types of information we collect, how we use and safeguard that information, and with whom we may share it. This Policy applies to our [&hellip;]\" \/>\n<meta property=\"og:url\" content=\"https:\/\/www.neptunelaundry.com\/es\/politica-de-privacidad\/\" \/>\n<meta property=\"og:site_name\" content=\"Neptune Laundromat\" \/>\n<meta property=\"article:publisher\" content=\"https:\/\/www.facebook.com\/neptunelaundry\/\" \/>\n<meta property=\"article:modified_time\" content=\"2026-03-19T16:47:33+00:00\" \/>\n<meta name=\"twitter:card\" content=\"summary_large_image\" \/>\n<meta name=\"twitter:label1\" content=\"Tiempo de lectura\" \/>\n\t<meta name=\"twitter:data1\" content=\"2 minutos\" \/>\n<script type=\"application\/ld+json\" class=\"yoast-schema-graph\">{\"@context\":\"https:\\\/\\\/schema.org\",\"@graph\":[{\"@type\":\"WebPage\",\"@id\":\"https:\\\/\\\/www.neptunelaundry.com\\\/privacy-policy\\\/\",\"url\":\"https:\\\/\\\/www.neptunelaundry.com\\\/privacy-policy\\\/\",\"name\":\"Privacy Policy - Neptune Laundromat\",\"isPartOf\":{\"@id\":\"https:\\\/\\\/www.neptunelaundry.com\\\/#website\"},\"datePublished\":\"2024-12-11T19:37:30+00:00\",\"dateModified\":\"2026-03-19T16:47:33+00:00\",\"breadcrumb\":{\"@id\":\"https:\\\/\\\/www.neptunelaundry.com\\\/privacy-policy\\\/#breadcrumb\"},\"inLanguage\":\"es\",\"potentialAction\":[{\"@type\":\"ReadAction\",\"target\":[\"https:\\\/\\\/www.neptunelaundry.com\\\/privacy-policy\\\/\"]}]},{\"@type\":\"BreadcrumbList\",\"@id\":\"https:\\\/\\\/www.neptunelaundry.com\\\/privacy-policy\\\/#breadcrumb\",\"itemListElement\":[{\"@type\":\"ListItem\",\"position\":1,\"name\":\"Home\",\"item\":\"https:\\\/\\\/www.neptunelaundry.com\\\/\"},{\"@type\":\"ListItem\",\"position\":2,\"name\":\"Privacy Policy\"}]},{\"@type\":\"WebSite\",\"@id\":\"https:\\\/\\\/www.neptunelaundry.com\\\/#website\",\"url\":\"https:\\\/\\\/www.neptunelaundry.com\\\/\",\"name\":\"Neptune Laundromat\",\"description\":\"East Boston, Revere Laundromat\",\"publisher\":{\"@id\":\"https:\\\/\\\/www.neptunelaundry.com\\\/#organization\"},\"potentialAction\":[{\"@type\":\"SearchAction\",\"target\":{\"@type\":\"EntryPoint\",\"urlTemplate\":\"https:\\\/\\\/www.neptunelaundry.com\\\/?s={search_term_string}\"},\"query-input\":{\"@type\":\"PropertyValueSpecification\",\"valueRequired\":true,\"valueName\":\"search_term_string\"}}],\"inLanguage\":\"es\"},{\"@type\":\"Organization\",\"@id\":\"https:\\\/\\\/www.neptunelaundry.com\\\/#organization\",\"name\":\"Neptune Laundromat\",\"url\":\"https:\\\/\\\/www.neptunelaundry.com\\\/\",\"logo\":{\"@type\":\"ImageObject\",\"inLanguage\":\"es\",\"@id\":\"https:\\\/\\\/www.neptunelaundry.com\\\/#\\\/schema\\\/logo\\\/image\\\/\",\"url\":\"https:\\\/\\\/www.neptunelaundry.com\\\/wp-content\\\/uploads\\\/2026\\\/03\\\/Vector-File-White-02.jpg\",\"contentUrl\":\"https:\\\/\\\/www.neptunelaundry.com\\\/wp-content\\\/uploads\\\/2026\\\/03\\\/Vector-File-White-02.jpg\",\"width\":1,\"height\":1,\"caption\":\"Neptune Laundromat\"},\"image\":{\"@id\":\"https:\\\/\\\/www.neptunelaundry.com\\\/#\\\/schema\\\/logo\\\/image\\\/\"},\"sameAs\":[\"https:\\\/\\\/www.facebook.com\\\/neptunelaundry\\\/\",\"https:\\\/\\\/www.instagram.com\\\/neptunelaundry\\\/\"]}]}<\/script>\n<!-- \/ Yoast SEO Premium plugin. -->","yoast_head_json":{"title":"Pol\u00edtica de privacidad - Neptune Laundromat","robots":{"index":"noindex","follow":"follow"},"og_locale":"es_MX","og_type":"article","og_title":"Privacy Policy","og_description":"Privacy Policy Neptune Laundromat (\u201cNeptune,\u201d \u201cwe,\u201d \u201cus,\u201d or \u201cour\u201d) is committed to protecting the privacy of our customers and users of our website and services. This Privacy Policy (\u201cPolicy\u201d) outlines the types of information we collect, how we use and safeguard that information, and with whom we may share it. This Policy applies to our [&hellip;]","og_url":"https:\/\/www.neptunelaundry.com\/es\/politica-de-privacidad\/","og_site_name":"Neptune Laundromat","article_publisher":"https:\/\/www.facebook.com\/neptunelaundry\/","article_modified_time":"2026-03-19T16:47:33+00:00","twitter_card":"summary_large_image","twitter_misc":{"Tiempo de lectura":"2 minutos"},"schema":{"@context":"https:\/\/schema.org","@graph":[{"@type":"WebPage","@id":"https:\/\/www.neptunelaundry.com\/privacy-policy\/","url":"https:\/\/www.neptunelaundry.com\/privacy-policy\/","name":"Pol\u00edtica de privacidad - Neptune Laundromat","isPartOf":{"@id":"https:\/\/www.neptunelaundry.com\/#website"},"datePublished":"2024-12-11T19:37:30+00:00","dateModified":"2026-03-19T16:47:33+00:00","breadcrumb":{"@id":"https:\/\/www.neptunelaundry.com\/privacy-policy\/#breadcrumb"},"inLanguage":"es","potentialAction":[{"@type":"ReadAction","target":["https:\/\/www.neptunelaundry.com\/privacy-policy\/"]}]},{"@type":"BreadcrumbList","@id":"https:\/\/www.neptunelaundry.com\/privacy-policy\/#breadcrumb","itemListElement":[{"@type":"ListItem","position":1,"name":"Home","item":"https:\/\/www.neptunelaundry.com\/"},{"@type":"ListItem","position":2,"name":"Privacy Policy"}]},{"@type":"WebSite","@id":"https:\/\/www.neptunelaundry.com\/#website","url":"https:\/\/www.neptunelaundry.com\/","name":"Lavander\u00eda Neptune","description":"East Boston, Lavander\u00eda de Revere","publisher":{"@id":"https:\/\/www.neptunelaundry.com\/#organization"},"potentialAction":[{"@type":"SearchAction","target":{"@type":"EntryPoint","urlTemplate":"https:\/\/www.neptunelaundry.com\/?s={search_term_string}"},"query-input":{"@type":"PropertyValueSpecification","valueRequired":true,"valueName":"search_term_string"}}],"inLanguage":"es"},{"@type":"Organization","@id":"https:\/\/www.neptunelaundry.com\/#organization","name":"Lavander\u00eda Neptune","url":"https:\/\/www.neptunelaundry.com\/","logo":{"@type":"ImageObject","inLanguage":"es","@id":"https:\/\/www.neptunelaundry.com\/#\/schema\/logo\/image\/","url":"https:\/\/www.neptunelaundry.com\/wp-content\/uploads\/2026\/03\/Vector-File-White-02.jpg","contentUrl":"https:\/\/www.neptunelaundry.com\/wp-content\/uploads\/2026\/03\/Vector-File-White-02.jpg","width":1,"height":1,"caption":"Neptune Laundromat"},"image":{"@id":"https:\/\/www.neptunelaundry.com\/#\/schema\/logo\/image\/"},"sameAs":["https:\/\/www.facebook.com\/neptunelaundry\/","https:\/\/www.instagram.com\/neptunelaundry\/"]}]}},"_links":{"self":[{"href":"https:\/\/www.neptunelaundry.com\/es\/wp-json\/wp\/v2\/pages\/10822","targetHints":{"allow":["GET"]}}],"collection":[{"href":"https:\/\/www.neptunelaundry.com\/es\/wp-json\/wp\/v2\/pages"}],"about":[{"href":"https:\/\/www.neptunelaundry.com\/es\/wp-json\/wp\/v2\/types\/page"}],"author":[{"embeddable":true,"href":"https:\/\/www.neptunelaundry.com\/es\/wp-json\/wp\/v2\/users\/1"}],"replies":[{"embeddable":true,"href":"https:\/\/www.neptunelaundry.com\/es\/wp-json\/wp\/v2\/comments?post=10822"}],"version-history":[{"count":1,"href":"https:\/\/www.neptunelaundry.com\/es\/wp-json\/wp\/v2\/pages\/10822\/revisions"}],"predecessor-version":[{"id":11516,"href":"https:\/\/www.neptunelaundry.com\/es\/wp-json\/wp\/v2\/pages\/10822\/revisions\/11516"}],"wp:attachment":[{"href":"https:\/\/www.neptunelaundry.com\/es\/wp-json\/wp\/v2\/media?parent=10822"}],"curies":[{"name":"wp","href":"https:\/\/api.w.org\/{rel}","templated":true}]}}